{"id":7420,"date":"2025-09-10T11:33:00","date_gmt":"2025-09-10T09:33:00","guid":{"rendered":"https:\/\/www.smart-iot.solutions\/references-busch-jaeger\/"},"modified":"2025-12-02T13:15:43","modified_gmt":"2025-12-02T12:15:43","slug":"references-busch-jaeger","status":"publish","type":"page","link":"https:\/\/www.smart-iot.solutions\/fr\/references-busch-jaeger\/","title":{"rendered":"R\u00e9f\u00e9rences Busch-Jaeger"},"content":{"rendered":"<p><div class=\"fusion-fullwidth fullwidth-box fusion-builder-row-1 fusion-flex-container has-pattern-background has-mask-background fusion-parallax-none nonhundred-percent-fullwidth non-hundred-percent-height-scrolling\" style=\"--awb-background-blend-mode:soft-light;--awb-border-radius-top-left:0px;--awb-border-radius-top-right:0px;--awb-border-radius-bottom-right:0px;--awb-border-radius-bottom-left:0px;--awb-padding-top:140px;--awb-padding-right:0px;--awb-padding-bottom:0px;--awb-padding-left:0px;--awb-padding-top-small:60px;--awb-margin-top:-55px;--awb-background-color:var(--awb-custom15);--awb-background-image:url(&quot;https:\/\/www.smart-iot.solutions\/wp-content\/uploads\/2020\/04\/Paralax.png&quot;);--awb-background-size:1000px;--awb-background-size-medium:800px;--awb-background-size-small:800px;--awb-flex-wrap:wrap;\" ><div class=\"fusion-builder-row fusion-row fusion-flex-align-items-stretch fusion-flex-justify-content-center fusion-flex-content-wrap\" style=\"max-width:calc( 1000px + 0px );margin-left: calc(-0px \/ 2 );margin-right: calc(-0px \/ 2 );\"><div class=\"fusion-layout-column fusion_builder_column fusion-builder-column-0 fusion_builder_column_4_5 4_5 fusion-flex-column fusion-animated\" style=\"--awb-bg-color:rgba(0,27,48,0);--awb-bg-color-hover:rgba(0,27,48,0);--awb-bg-size:cover;--awb-width-large:80%;--awb-margin-top-large:0px;--awb-spacing-right-large:0px;--awb-margin-bottom-large:80px;--awb-spacing-left-large:0px;--awb-width-medium:100%;--awb-order-medium:0;--awb-spacing-right-medium:0px;--awb-spacing-left-medium:0px;--awb-width-small:100%;--awb-order-small:0;--awb-spacing-right-small:0px;--awb-margin-bottom-small:70px;--awb-spacing-left-small:0px;\" data-animationType=\"fadeInUp\" data-animationDuration=\"1.3\" data-animationOffset=\"top-into-view\" data-scroll-devices=\"small-visibility,medium-visibility,large-visibility\"><div class=\"fusion-column-wrapper fusion-column-has-shadow fusion-flex-justify-content-flex-start fusion-content-layout-column\"><div class=\"fusion-title title fusion-title-1 fusion-sep-none fusion-title-center fusion-title-text fusion-title-size-one\" style=\"--awb-text-color:var(--awb-color1);--awb-margin-top:0px;--awb-margin-top-small:10px;--awb-margin-right-small:0px;--awb-margin-bottom-small:10px;--awb-margin-left-small:0px;\"><h1 class=\"fusion-title-heading title-heading-center fusion-responsive-typography-calculated\" style=\"font-family:&quot;Nunito Sans&quot;;font-style:normal;font-weight:400;margin:0;text-transform:uppercase;--fontSize:50;line-height:1.16;\"><span style=\"color: var(--awb-custom_color_1);\">_<\/span>Busch-Jaeger &#8211; Free@Home<\/h1><\/div><div class=\"fusion-text fusion-text-1 fusion-text-no-margin\" style=\"--awb-content-alignment:center;--awb-text-color:var(--awb-color1);--awb-margin-right:15%;--awb-margin-bottom:0px;--awb-margin-left:15%;\"><p>En collaboration avec Busch-Jaeger, nous avons d\u00e9velopp\u00e9 une solution de base pour la domotique.<\/p>\n<\/div><\/div><\/div><div class=\"fusion-layout-column fusion_builder_column fusion-builder-column-1 fusion_builder_column_1_1 1_1 fusion-flex-column fusion-animated\" style=\"--awb-bg-size:cover;--awb-width-large:100%;--awb-margin-top-large:0px;--awb-spacing-right-large:0px;--awb-margin-bottom-large:-60px;--awb-spacing-left-large:0px;--awb-width-medium:100%;--awb-order-medium:0;--awb-spacing-right-medium:0px;--awb-margin-bottom-medium:0;--awb-spacing-left-medium:0px;--awb-width-small:100%;--awb-order-small:1;--awb-spacing-right-small:0px;--awb-margin-bottom-small:0;--awb-spacing-left-small:0px;\" data-animationType=\"fadeInUp\" data-animationDuration=\"1.3\" data-animationOffset=\"top-into-view\" data-motion-effects=\"[{&quot;type&quot;:&quot;scroll&quot;,&quot;scroll_type&quot;:&quot;transition&quot;,&quot;scroll_direction&quot;:&quot;up&quot;,&quot;transition_speed&quot;:&quot;1&quot;,&quot;fade_type&quot;:&quot;in&quot;,&quot;scale_type&quot;:&quot;up&quot;,&quot;initial_scale&quot;:&quot;1&quot;,&quot;max_scale&quot;:&quot;1.5&quot;,&quot;min_scale&quot;:&quot;0.5&quot;,&quot;initial_rotate&quot;:&quot;0&quot;,&quot;end_rotate&quot;:&quot;30&quot;,&quot;initial_blur&quot;:&quot;0&quot;,&quot;end_blur&quot;:&quot;3&quot;,&quot;start_element&quot;:&quot;top&quot;,&quot;start_viewport&quot;:&quot;bottom&quot;,&quot;end_element&quot;:&quot;bottom&quot;,&quot;end_viewport&quot;:&quot;top&quot;,&quot;mouse_effect&quot;:&quot;track&quot;,&quot;mouse_effect_direction&quot;:&quot;opposite&quot;,&quot;mouse_effect_speed&quot;:&quot;2&quot;,&quot;infinite_animation&quot;:&quot;float&quot;,&quot;infinite_animation_speed&quot;:&quot;2&quot;}]\" data-scroll-devices=\"small-visibility,medium-visibility,large-visibility\"><div class=\"fusion-column-wrapper fusion-column-has-shadow fusion-flex-justify-content-flex-start fusion-content-layout-column\"><div class=\"fusion-image-element \" style=\"text-align:center;--awb-max-width:500px;--awb-caption-title-font-family:var(--h2_typography-font-family);--awb-caption-title-font-weight:var(--h2_typography-font-weight);--awb-caption-title-font-style:var(--h2_typography-font-style);--awb-caption-title-size:var(--h2_typography-font-size);--awb-caption-title-transform:var(--h2_typography-text-transform);--awb-caption-title-line-height:var(--h2_typography-line-height);--awb-caption-title-letter-spacing:var(--h2_typography-letter-spacing);--awb-filter:saturate(100%);--awb-filter-transition:filter 0.3s ease;--awb-filter-hover:saturate(0%);\"><span class=\" fusion-imageframe imageframe-none imageframe-1 hover-type-none\"><img decoding=\"async\" width=\"977\" height=\"636\" title=\"buschjaeger\" src=\"https:\/\/www.smart-iot.solutions\/wp-content\/uploads\/2025\/06\/buschjaeger.png\" alt class=\"img-responsive wp-image-7421\" srcset=\"https:\/\/www.smart-iot.solutions\/wp-content\/uploads\/2025\/06\/buschjaeger-200x130.png 200w, https:\/\/www.smart-iot.solutions\/wp-content\/uploads\/2025\/06\/buschjaeger-400x260.png 400w, https:\/\/www.smart-iot.solutions\/wp-content\/uploads\/2025\/06\/buschjaeger-600x391.png 600w, https:\/\/www.smart-iot.solutions\/wp-content\/uploads\/2025\/06\/buschjaeger-800x521.png 800w, https:\/\/www.smart-iot.solutions\/wp-content\/uploads\/2025\/06\/buschjaeger.png 977w\" sizes=\"(max-width: 700px) 100vw, (max-width: 480px) 100vw, 977px\" \/><\/span><\/div><\/div><\/div><\/div><\/div><div id=\"en bas\" class=\"fusion-container-anchor\"><div class=\"fusion-fullwidth fullwidth-box fusion-builder-row-2 fusion-flex-container has-pattern-background has-mask-background nonhundred-percent-fullwidth non-hundred-percent-height-scrolling\" style=\"--awb-border-radius-top-left:0px;--awb-border-radius-top-right:0px;--awb-border-radius-bottom-right:0px;--awb-border-radius-bottom-left:0px;--awb-padding-top:170px;--awb-padding-bottom:150px;--awb-padding-top-medium:70px;--awb-padding-bottom-medium:70px;--awb-margin-bottom:0px;--awb-background-color:var(--awb-color2);--awb-flex-wrap:wrap;\" ><div class=\"fusion-builder-row fusion-row fusion-flex-align-items-center fusion-flex-content-wrap\" style=\"max-width:1040px;margin-left: calc(-4% \/ 2 );margin-right: calc(-4% \/ 2 );\"><div class=\"fusion-layout-column fusion_builder_column fusion-builder-column-2 fusion-flex-column fusion-animated\" style=\"--awb-bg-size:cover;--awb-width-large:47%;--awb-margin-top-large:0px;--awb-spacing-right-large:14.297872340426%;--awb-margin-bottom-large:0px;--awb-spacing-left-large:4.0851063829787%;--awb-width-medium:100%;--awb-order-medium:1;--awb-spacing-right-medium:1.92%;--awb-spacing-left-medium:1.92%;--awb-width-small:100%;--awb-order-small:1;--awb-spacing-right-small:1.92%;--awb-margin-bottom-small:50px;--awb-spacing-left-small:1.92%;\" data-animationType=\"fadeInUp\" data-animationDuration=\"1.3\" data-animationOffset=\"top-into-view\" data-scroll-devices=\"small-visibility,medium-visibility,large-visibility\"><div class=\"fusion-column-wrapper fusion-column-has-shadow fusion-flex-justify-content-flex-start fusion-content-layout-column\"><div class=\"fusion-title title fusion-title-2 fusion-no-small-visibility fusion-no-medium-visibility fusion-sep-none fusion-title-text fusion-title-size-three\" style=\"--awb-text-color:var(--awb-color7);--awb-margin-top:0px;--awb-margin-bottom:28px;--awb-margin-top-small:10px;--awb-margin-right-small:0px;--awb-margin-bottom-small:10px;--awb-margin-left-small:0px;\"><h3 class=\"fusion-title-heading title-heading-left fusion-responsive-typography-calculated\" style=\"margin:0;text-transform:uppercase;--fontSize:35;line-height:1.16;\"><span style=\"color: var(--awb-custom_color_1);\">_<\/span>Busch-Jaeger &#8211; Free@Home<\/h3><\/div><div class=\"fusion-text fusion-text-2\" style=\"--awb-text-color:var(--awb-color8);\"><p>En collaboration avec Busch-Jaeger, une soci\u00e9t\u00e9 d\u2019ABB, nous avons d\u00e9velopp\u00e9 une solution de base pour la domotique. La majorit\u00e9 de notre travail \u00e9tait ax\u00e9e sur le d\u00e9veloppement de micrologiciels, travaillant sur des sujets tels que le d\u00e9veloppement de syst\u00e8mes d\u2019exploitation et la mise en \u0153uvre ult\u00e9rieure de diverses adaptations mat\u00e9rielles pour les commutateurs, les panneaux de commande, les stations m\u00e9t\u00e9orologiques, les d\u00e9tecteurs de mouvement, les panneaux de temp\u00e9rature ambiante et bien d\u2019autres.<\/p>\n<p>Notre valeur ajout\u00e9e pour ABB \u00e9tait que nous sommes des experts en connectivit\u00e9, en d\u00e9veloppement de mat\u00e9riel et de micrologiciels, et en m\u00eame temps des experts en d\u00e9veloppement d\u2019applications. Ce que cela signifie pour vous, c\u2019est que nous avons compris les exigences d\u2019une application mobile en travaillant sur son firmware et son mat\u00e9riel.<\/p>\n<\/div><div ><a class=\"fusion-button button-flat fusion-button-default-size button-custom fusion-button-default button-1 fusion-button-default-span fusion-button-default-type\" style=\"--awb-margin-top:30px;--button_accent_color:var(--awb-custom15);--button_border_color:var(--awb-custom15);--button_accent_hover_color:var(--awb-color3);--button_border_hover_color:var(--awb-color2);--button_border_width-top:2px;--button_border_width-right:2px;--button_border_width-bottom:2px;--button_border_width-left:2px;--button-border-radius-top-left:50px;--button-border-radius-top-right:50px;--button-border-radius-bottom-right:50px;--button-border-radius-bottom-left:50px;--button_gradient_top_color:rgba(15,76,129,0);--button_gradient_bottom_color:rgba(15,76,129,0);--button_gradient_top_color_hover:var(--awb-custom15);--button_gradient_bottom_color_hover:var(--awb-custom15);--button_text_transform:none;--button_font_size:14px;--button_line_height:1.7;--button_typography-letter-spacing:0px;--button_typography-font-family:&quot;Nunito Sans&quot;;--button_typography-font-style:normal;--button_typography-font-weight:400;\" target=\"_self\" href=\"https:\/\/www.smart-iot.solutions\/referenzen\/\"><span class=\"fusion-button-text awb-button__text awb-button__text--default\">Autres r\u00e9f\u00e9rences<\/span><\/a><\/div><\/div><\/div><div class=\"fusion-layout-column fusion_builder_column fusion-builder-column-3 fusion-flex-column\" style=\"--awb-padding-left-medium:0px;--awb-padding-right-small:0px;--awb-padding-left-small:0px;--awb-overflow:hidden;--awb-bg-size:cover;--awb-border-color:var(--awb-custom_color_1);--awb-border-top:3px;--awb-border-right:3px;--awb-border-bottom:3px;--awb-border-left:3px;--awb-border-style:solid;--awb-border-radius:10px 10px 10px 10px;--awb-width-large:53%;--awb-margin-top-large:0px;--awb-spacing-right-large:3.622641509434%;--awb-margin-bottom-large:0px;--awb-spacing-left-large:0%;--awb-width-medium:100%;--awb-order-medium:1;--awb-spacing-right-medium:1.92%;--awb-spacing-left-medium:1.92%;--awb-width-small:100%;--awb-order-small:0;--awb-spacing-right-small:1.92%;--awb-margin-bottom-small:70px;--awb-spacing-left-small:1.92%;\" data-scroll-devices=\"small-visibility,medium-visibility,large-visibility\"><div class=\"fusion-column-wrapper fusion-column-has-shadow fusion-flex-justify-content-flex-start fusion-content-layout-column\"><div class=\"fusion-video fusion-youtube\" style=\"--awb-max-width:600px;--awb-max-height:360px;--awb-align-self:center;--awb-width:100%;\"><div class=\"video-shortcode\"><lite-youtube videoid=\"SKTOyYMU9yI\" class=\"landscape\" params=\"wmode=transparent&autoplay=1&amp;enablejsapi=1\" title=\"YouTube video player 1\" data-button-label=\"Play Video\" width=\"600\" height=\"360\" data-thumbnail-size=\"auto\" data-no-cookie=\"on\"><\/lite-youtube><\/div><\/div><\/div><\/div><\/div><\/div><\/div><div class=\"fusion-fullwidth fullwidth-box fusion-builder-row-3 hundred-percent-fullwidth non-hundred-percent-height-scrolling\" style=\"--awb-border-radius-top-left:0px;--awb-border-radius-top-right:0px;--awb-border-radius-bottom-right:0px;--awb-border-radius-bottom-left:0px;--awb-padding-right:16%;--awb-padding-bottom:35px;--awb-padding-left:16%;--awb-background-color:rgba(96,125,139,0.2);--awb-flex-wrap:wrap;\" ><div class=\"fusion-builder-row fusion-row\"><div class=\"fusion-layout-column fusion_builder_column fusion-builder-column-4 fusion_builder_column_1_1 1_1 fusion-one-full fusion-column-first fusion-column-last\" style=\"--awb-bg-size:cover;--awb-margin-top:2em;--awb-margin-bottom:0px;\"><div class=\"fusion-column-wrapper fusion-column-has-shadow fusion-flex-column-wrapper-legacy\"><div class=\"fusion-text fusion-text-3\"><h2 style=\"text-align: center;\">Parlons-en !<\/h2>\n<\/div><div class=\"fusion-clearfix\"><\/div><\/div><\/div><div class=\"fusion-layout-column fusion_builder_column fusion-builder-column-5 fusion_builder_column_1_3 1_3 fusion-one-third fusion-column-first\" style=\"--awb-bg-size:cover;--awb-margin-top:30px;--awb-margin-bottom:1em;width:33.333333333333%;width:calc(33.333333333333% - ( ( 4% + 4% ) * 0.33333333333333 ) );margin-right: 4%;\"><div class=\"fusion-column-wrapper fusion-column-has-shadow fusion-flex-column-wrapper-legacy\"><div class=\"fusion-image-element fusion-image-align-center in-legacy-container\" style=\"text-align:center;--awb-max-width:60px;--awb-caption-title-font-family:var(--h2_typography-font-family);--awb-caption-title-font-weight:var(--h2_typography-font-weight);--awb-caption-title-font-style:var(--h2_typography-font-style);--awb-caption-title-size:var(--h2_typography-font-size);--awb-caption-title-transform:var(--h2_typography-text-transform);--awb-caption-title-line-height:var(--h2_typography-line-height);--awb-caption-title-letter-spacing:var(--h2_typography-letter-spacing);--awb-filter:contrast(200%) opacity(100%);--awb-filter-transition:filter 0.3s ease;--awb-filter-hover:contrast(200%) opacity(70%);\"><div class=\"imageframe-align-center\"><span class=\" fusion-imageframe imageframe-none imageframe-2 hover-type-none fusion-animated\" data-animationType=\"fadeInUp\" data-animationDuration=\"0.5\" data-animationOffset=\"top-into-view\"><a class=\"fusion-no-lightbox\" href=\"mailto:hello@smart-iot.solutions\" target=\"_self\" aria-label=\"Mail-Icon\"><img decoding=\"async\" width=\"120\" height=\"120\" alt=\"E-Mail Icon\" src=\"https:\/\/www.smart-iot.solutions\/wp-content\/uploads\/2020\/04\/Mail-Icon.png\" class=\"img-responsive wp-image-191\" srcset=\"https:\/\/www.smart-iot.solutions\/wp-content\/uploads\/2020\/04\/Mail-Icon-66x66.png 66w, https:\/\/www.smart-iot.solutions\/wp-content\/uploads\/2020\/04\/Mail-Icon.png 120w\" sizes=\"(max-width: 120px) 100vw, 120px\" \/><\/a><\/span><\/div><\/div><div class=\"fusion-sep-clear\"><\/div><div class=\"fusion-separator fusion-full-width-sep\" style=\"margin-left: auto;margin-right: auto;margin-top:5%;width:100%;\"><\/div><div class=\"fusion-sep-clear\"><\/div><div class=\"fusion-text fusion-text-4\"><p style=\"text-align: center;\"><span style=\"color: #000000;\"><a style=\"color: #000000;\" href=\"mailto:hello@smart-iot.solutions\">hello@smart-IoT.solutions<\/a><\/span><\/p>\n<\/div><div class=\"fusion-clearfix\"><\/div><\/div><\/div><div class=\"fusion-layout-column fusion_builder_column fusion-builder-column-6 fusion_builder_column_1_3 1_3 fusion-one-third\" style=\"--awb-bg-size:cover;--awb-margin-top:30px;--awb-margin-bottom:1em;width:33.333333333333%;width:calc(33.333333333333% - ( ( 4% + 4% ) * 0.33333333333333 ) );margin-right: 4%;\"><div class=\"fusion-column-wrapper fusion-column-has-shadow fusion-flex-column-wrapper-legacy\"><div class=\"fusion-image-element fusion-image-align-center in-legacy-container\" style=\"text-align:center;--awb-max-width:60px;--awb-caption-title-font-family:var(--h2_typography-font-family);--awb-caption-title-font-weight:var(--h2_typography-font-weight);--awb-caption-title-font-style:var(--h2_typography-font-style);--awb-caption-title-size:var(--h2_typography-font-size);--awb-caption-title-transform:var(--h2_typography-text-transform);--awb-caption-title-line-height:var(--h2_typography-line-height);--awb-caption-title-letter-spacing:var(--h2_typography-letter-spacing);--awb-filter:contrast(200%) opacity(100%);--awb-filter-transition:filter 0.3s ease;--awb-filter-hover:contrast(200%) opacity(70%);\"><div class=\"imageframe-align-center\"><span class=\" fusion-imageframe imageframe-none imageframe-3 hover-type-none fusion-animated\" data-animationType=\"fadeInUp\" data-animationDuration=\"0.5\" data-animationOffset=\"top-into-view\"><a class=\"fusion-no-lightbox\" href=\"https:\/\/www.smart-iot.solutions\/terminbuchung\/\" target=\"_self\" aria-label=\"Videocal-Icon\"><img decoding=\"async\" width=\"120\" height=\"120\" alt=\"Prenez rendez-vous pour une r\u00e9union en ligne d\u00e8s maintenant !\" src=\"https:\/\/www.smart-iot.solutions\/wp-content\/uploads\/2020\/04\/Videocal-Icon.png\" class=\"img-responsive wp-image-193\" srcset=\"https:\/\/www.smart-iot.solutions\/wp-content\/uploads\/2020\/04\/Videocal-Icon-66x66.png 66w, https:\/\/www.smart-iot.solutions\/wp-content\/uploads\/2020\/04\/Videocal-Icon.png 120w\" sizes=\"(max-width: 120px) 100vw, 120px\" \/><\/a><\/span><\/div><\/div><div class=\"fusion-sep-clear\"><\/div><div class=\"fusion-separator fusion-full-width-sep\" style=\"margin-left: auto;margin-right: auto;margin-top:5%;width:100%;\"><\/div><div class=\"fusion-sep-clear\"><\/div><div class=\"fusion-text fusion-text-5\"><p style=\"text-align: center;\"><a href=\"https:\/\/www.smart-iot.solutions\/terminbuchung\/\"><span style=\"color: #000000;\">Organiser une visioconf\u00e9rence<\/span><\/a><\/p>\n<\/div><div class=\"fusion-clearfix\"><\/div><\/div><\/div><div class=\"fusion-layout-column fusion_builder_column fusion-builder-column-7 fusion_builder_column_1_3 1_3 fusion-one-third fusion-column-last\" style=\"--awb-bg-size:cover;--awb-margin-top:30px;--awb-margin-bottom:1em;width:33.333333333333%;width:calc(33.333333333333% - ( ( 4% + 4% ) * 0.33333333333333 ) );\"><div class=\"fusion-column-wrapper fusion-column-has-shadow fusion-flex-column-wrapper-legacy\"><div class=\"fusion-image-element fusion-image-align-center in-legacy-container\" style=\"text-align:center;--awb-max-width:60px;--awb-caption-title-font-family:var(--h2_typography-font-family);--awb-caption-title-font-weight:var(--h2_typography-font-weight);--awb-caption-title-font-style:var(--h2_typography-font-style);--awb-caption-title-size:var(--h2_typography-font-size);--awb-caption-title-transform:var(--h2_typography-text-transform);--awb-caption-title-line-height:var(--h2_typography-line-height);--awb-caption-title-letter-spacing:var(--h2_typography-letter-spacing);--awb-filter:contrast(200%) opacity(100%);--awb-filter-transition:filter 0.3s ease;--awb-filter-hover:contrast(200%) opacity(70%);\"><div class=\"imageframe-align-center\"><span class=\" fusion-imageframe imageframe-none imageframe-4 hover-type-none fusion-animated\" data-animationType=\"fadeInUp\" data-animationDuration=\"0.5\" data-animationOffset=\"top-into-view\"><a class=\"fusion-no-lightbox\" href=\"tel:4920185893140\" target=\"_self\" aria-label=\"Phone-Icon\"><img decoding=\"async\" width=\"120\" height=\"120\" alt=\"Telefon Icon\" src=\"https:\/\/www.smart-iot.solutions\/wp-content\/uploads\/2020\/04\/Phone-Icon.png\" class=\"img-responsive wp-image-192\" srcset=\"https:\/\/www.smart-iot.solutions\/wp-content\/uploads\/2020\/04\/Phone-Icon-66x66.png 66w, https:\/\/www.smart-iot.solutions\/wp-content\/uploads\/2020\/04\/Phone-Icon.png 120w\" sizes=\"(max-width: 120px) 100vw, 120px\" \/><\/a><\/span><\/div><\/div><div class=\"fusion-sep-clear\"><\/div><div class=\"fusion-separator fusion-full-width-sep\" style=\"margin-left: auto;margin-right: auto;margin-top:5%;width:100%;\"><\/div><div class=\"fusion-sep-clear\"><\/div><div class=\"fusion-text fusion-text-6\"><p style=\"text-align: center;\"><span style=\"color: #000000;\"><a style=\"color: #000000;\" href=\"tel:+4920185893146\">+49 201 85 89 31 46<\/a><\/span><\/p>\n<\/div><div class=\"fusion-clearfix\"><\/div><\/div><\/div><\/div><\/div><\/p>\n","protected":false},"excerpt":{"rendered":"","protected":false},"author":210,"featured_media":7422,"parent":0,"menu_order":0,"comment_status":"closed","ping_status":"closed","template":"100-width.php","meta":{"footnotes":""},"categories":[261],"tags":[],"class_list":["post-7420","page","type-page","status-publish","has-post-thumbnail","hentry","category-references-fr"],"aioseo_notices":[],"_links":{"self":[{"href":"https:\/\/www.smart-iot.solutions\/fr\/wp-json\/wp\/v2\/pages\/7420","targetHints":{"allow":["GET"]}}],"collection":[{"href":"https:\/\/www.smart-iot.solutions\/fr\/wp-json\/wp\/v2\/pages"}],"about":[{"href":"https:\/\/www.smart-iot.solutions\/fr\/wp-json\/wp\/v2\/types\/page"}],"author":[{"embeddable":true,"href":"https:\/\/www.smart-iot.solutions\/fr\/wp-json\/wp\/v2\/users\/210"}],"replies":[{"embeddable":true,"href":"https:\/\/www.smart-iot.solutions\/fr\/wp-json\/wp\/v2\/comments?post=7420"}],"version-history":[{"count":3,"href":"https:\/\/www.smart-iot.solutions\/fr\/wp-json\/wp\/v2\/pages\/7420\/revisions"}],"predecessor-version":[{"id":7903,"href":"https:\/\/www.smart-iot.solutions\/fr\/wp-json\/wp\/v2\/pages\/7420\/revisions\/7903"}],"wp:featuredmedia":[{"embeddable":true,"href":"https:\/\/www.smart-iot.solutions\/fr\/wp-json\/wp\/v2\/media\/7422"}],"wp:attachment":[{"href":"https:\/\/www.smart-iot.solutions\/fr\/wp-json\/wp\/v2\/media?parent=7420"}],"wp:term":[{"taxonomy":"category","embeddable":true,"href":"https:\/\/www.smart-iot.solutions\/fr\/wp-json\/wp\/v2\/categories?post=7420"},{"taxonomy":"post_tag","embeddable":true,"href":"https:\/\/www.smart-iot.solutions\/fr\/wp-json\/wp\/v2\/tags?post=7420"}],"curies":[{"name":"wp","href":"https:\/\/api.w.org\/{rel}","templated":true}]}}