{"id":7492,"date":"2025-09-10T14:25:02","date_gmt":"2025-09-10T12:25:02","guid":{"rendered":"https:\/\/www.smart-iot.solutions\/references-intelligentes\/"},"modified":"2025-09-11T13:46:04","modified_gmt":"2025-09-11T11:46:04","slug":"references-intelligentes","status":"publish","type":"page","link":"https:\/\/www.smart-iot.solutions\/fr\/references-intelligentes\/","title":{"rendered":"R\u00e9f\u00e9rences intelligentes"},"content":{"rendered":"<p><div class=\"fusion-fullwidth fullwidth-box fusion-builder-row-1 hundred-percent-fullwidth non-hundred-percent-height-scrolling\" style=\"--awb-border-radius-top-left:0px;--awb-border-radius-top-right:0px;--awb-border-radius-bottom-right:0px;--awb-border-radius-bottom-left:0px;--awb-padding-right:16%;--awb-padding-left:16%;--awb-margin-bottom:3%;--awb-flex-wrap:wrap;\" ><div class=\"fusion-builder-row fusion-row\"><div class=\"fusion-layout-column fusion_builder_column fusion-builder-column-0 fusion_builder_column_1_1 1_1 fusion-one-full fusion-column-first fusion-column-last\" style=\"--awb-bg-size:cover;--awb-margin-bottom:0px;\"><div class=\"fusion-column-wrapper fusion-column-has-shadow fusion-flex-column-wrapper-legacy\"><div class=\"fusion-text fusion-text-1\"><h1>Dans les coulisses \u2013 \u00c9tudes de cas actuelles<\/h1>\n<\/div><div class=\"fusion-sep-clear\"><\/div><div class=\"fusion-separator fusion-clearfix\" style=\"float:left;margin-top:-0.75em;margin-bottom:3%;width:100%;max-width:50px;\"><div class=\"fusion-separator-border sep-single sep-solid\" style=\"--awb-height:20px;--awb-amount:20px;--awb-sep-color:#d5602d;border-color:#d5602d;border-top-width:3px;\"><\/div><\/div><div class=\"fusion-sep-clear\"><\/div><div class=\"fusion-text fusion-text-2\"><p data-start=\"198\" data-end=\"521\">Chaque projet <strong data-start=\"212\" data-end=\"250\">IoT ou de transformation num\u00e9rique<\/strong> est unique et n\u00e9cessite des <strong data-start=\"279\" data-end=\"323\">solutions et des comp\u00e9tences sp\u00e9cifiques<\/strong>.<br data-start=\"324\" data-end=\"327\" \/>C\u2019est pourquoi nous constituons pour chaque client <strong data-start=\"378\" data-end=\"448\">l\u2019\u00e9quipe interdisciplinaire la plus adapt\u00e9e et la plus performante<\/strong>, r\u00e9unissant les <strong data-start=\"465\" data-end=\"518\">expertises cl\u00e9s pour garantir le succ\u00e8s du projet<\/strong>. Qu\u2019il s\u2019agisse de <strong data-start=\"541\" data-end=\"616\">smart buildings, smart homes, sant\u00e9 connect\u00e9e, smart cities, e-mobilit\u00e9<\/strong> ou d\u2019autres domaines : <strong data-start=\"640\" data-end=\"725\">nous trouvons toujours la solution la plus pertinente pour chaque projet connect\u00e9<\/strong>. \u00c0 travers nos <strong data-start=\"744\" data-end=\"770\">\u00e9tudes de cas r\u00e9centes<\/strong>, nous vous offrons <strong data-start=\"790\" data-end=\"817\">un aper\u00e7u des coulisses<\/strong>, en pr\u00e9sentant les <strong data-start=\"837\" data-end=\"889\">d\u00e9fis techniques et organisationnels sp\u00e9cifiques<\/strong> de ces projets ainsi que les <strong data-start=\"919\" data-end=\"957\">b\u00e9n\u00e9fices obtenus pour nos clients<\/strong>.<\/p>\n<p data-start=\"962\" data-end=\"984\"><strong data-start=\"962\" data-end=\"982\">\u00c0 vous de juger.<\/strong><\/p>\n<\/div><div class=\"fusion-clearfix\"><\/div><\/div><\/div><\/div><\/div><div class=\"fusion-fullwidth fullwidth-box fusion-builder-row-2 has-pattern-background has-mask-background hundred-percent-fullwidth non-hundred-percent-height-scrolling\" style=\"--awb-border-radius-top-left:0px;--awb-border-radius-top-right:0px;--awb-border-radius-bottom-right:0px;--awb-border-radius-bottom-left:0px;--awb-padding-right:16%;--awb-padding-left:16%;--awb-margin-bottom:2em;--awb-flex-wrap:wrap;\" ><div class=\"fusion-builder-row fusion-row\"><div class=\"fusion-layout-column fusion_builder_column fusion-builder-column-1 fusion_builder_column_1_5 1_5 fusion-one-fifth fusion-column-first\" style=\"--awb-bg-size:cover;--awb-margin-bottom:2em;width:20%;width:calc(20% - ( ( 4% + 4% + 4% + 4% ) * 0.2 ) );margin-right: 4%;\"><div class=\"fusion-column-wrapper fusion-column-has-shadow fusion-flex-column-wrapper-legacy\"><div class=\"fusion-image-element fusion-image-align-center in-legacy-container\" style=\"text-align:center;--awb-max-width:250px;--awb-caption-title-font-family:var(--h2_typography-font-family);--awb-caption-title-font-weight:var(--h2_typography-font-weight);--awb-caption-title-font-style:var(--h2_typography-font-style);--awb-caption-title-size:var(--h2_typography-font-size);--awb-caption-title-transform:var(--h2_typography-text-transform);--awb-caption-title-line-height:var(--h2_typography-line-height);--awb-caption-title-letter-spacing:var(--h2_typography-letter-spacing);\"><div class=\"imageframe-align-center\"><span class=\" fusion-imageframe imageframe-glow imageframe-1 hover-type-zoomin\" style=\"-webkit-box-shadow: 0 0 2px rgba(0,0,0,0.3);box-shadow: 0 0 2px rgba(0,0,0,0.3);\"><a class=\"fusion-no-lightbox\" href=\"https:\/\/www.smart-iot.solutions\/fr\/references-genie\/\" target=\"_self\" aria-label=\"logo_genie_400x400\"><img decoding=\"async\" width=\"400\" height=\"400\" src=\"https:\/\/www.smart-iot.solutions\/wp-content\/uploads\/2024\/12\/logo_genie_400x400.jpg\" alt class=\"img-responsive wp-image-7441\" srcset=\"https:\/\/www.smart-iot.solutions\/wp-content\/uploads\/2024\/12\/logo_genie_400x400-200x200.jpg 200w, https:\/\/www.smart-iot.solutions\/wp-content\/uploads\/2024\/12\/logo_genie_400x400.jpg 400w\" sizes=\"(max-width: 1000px) 100vw, 200px\" \/><\/a><\/span><\/div><\/div><div class=\"fusion-clearfix\"><\/div><\/div><\/div><div class=\"fusion-layout-column fusion_builder_column fusion-builder-column-2 fusion_builder_column_1_5 1_5 fusion-one-fifth\" style=\"--awb-bg-size:cover;--awb-margin-bottom:2em;width:20%;width:calc(20% - ( ( 4% + 4% + 4% + 4% ) * 0.2 ) );margin-right: 4%;\"><div class=\"fusion-column-wrapper fusion-column-has-shadow fusion-flex-column-wrapper-legacy\"><div class=\"fusion-image-element fusion-image-align-center in-legacy-container\" style=\"text-align:center;--awb-max-width:250px;--awb-caption-title-font-family:var(--h2_typography-font-family);--awb-caption-title-font-weight:var(--h2_typography-font-weight);--awb-caption-title-font-style:var(--h2_typography-font-style);--awb-caption-title-size:var(--h2_typography-font-size);--awb-caption-title-transform:var(--h2_typography-text-transform);--awb-caption-title-line-height:var(--h2_typography-line-height);--awb-caption-title-letter-spacing:var(--h2_typography-letter-spacing);\"><div class=\"imageframe-align-center\"><span class=\" fusion-imageframe imageframe-glow imageframe-2 hover-type-zoomin\" style=\"border:1px solid #e2e2e2;-webkit-box-shadow: 0 0 1px rgba(0,0,0,0.3);box-shadow: 0 0 1px rgba(0,0,0,0.3);\"><a class=\"fusion-no-lightbox\" href=\"https:\/\/www.smart-iot.solutions\/fr\/references-biegert\/\" target=\"_self\" aria-label=\"logo_biegert_400x400\"><img decoding=\"async\" width=\"400\" height=\"400\" src=\"https:\/\/www.smart-iot.solutions\/wp-content\/uploads\/2023\/11\/logo_biegert_400x400.jpg\" alt class=\"img-responsive wp-image-7404\" srcset=\"https:\/\/www.smart-iot.solutions\/wp-content\/uploads\/2023\/11\/logo_biegert_400x400-200x200.jpg 200w, https:\/\/www.smart-iot.solutions\/wp-content\/uploads\/2023\/11\/logo_biegert_400x400.jpg 400w\" sizes=\"(max-width: 1000px) 100vw, 200px\" \/><\/a><\/span><\/div><\/div><div class=\"fusion-clearfix\"><\/div><\/div><\/div><div class=\"fusion-layout-column fusion_builder_column fusion-builder-column-3 fusion_builder_column_1_5 1_5 fusion-one-fifth\" style=\"--awb-bg-size:cover;--awb-margin-bottom:2em;width:20%;width:calc(20% - ( ( 4% + 4% + 4% + 4% ) * 0.2 ) );margin-right: 4%;\"><div class=\"fusion-column-wrapper fusion-column-has-shadow fusion-flex-column-wrapper-legacy\"><div class=\"fusion-image-element fusion-image-align-center in-legacy-container\" style=\"text-align:center;--awb-max-width:250px;--awb-caption-title-font-family:var(--h2_typography-font-family);--awb-caption-title-font-weight:var(--h2_typography-font-weight);--awb-caption-title-font-style:var(--h2_typography-font-style);--awb-caption-title-size:var(--h2_typography-font-size);--awb-caption-title-transform:var(--h2_typography-text-transform);--awb-caption-title-line-height:var(--h2_typography-line-height);--awb-caption-title-letter-spacing:var(--h2_typography-letter-spacing);\"><div class=\"imageframe-align-center\"><span class=\" fusion-imageframe imageframe-glow imageframe-3 hover-type-zoomin\" style=\"border:1px solid #e2e2e2;-webkit-box-shadow: 0 0 1px rgba(0,0,0,0.3);box-shadow: 0 0 1px rgba(0,0,0,0.3);\"><a class=\"fusion-no-lightbox\" href=\"https:\/\/www.smart-iot.solutions\/fr\/references-novoferm\/\" target=\"_self\" aria-label=\"logo_novoferm_400x400\"><img decoding=\"async\" width=\"400\" height=\"400\" src=\"https:\/\/www.smart-iot.solutions\/wp-content\/uploads\/2023\/11\/logo_novoferm_400x400.jpg\" alt class=\"img-responsive wp-image-4273\" srcset=\"https:\/\/www.smart-iot.solutions\/wp-content\/uploads\/2023\/11\/logo_novoferm_400x400-200x200.jpg 200w, https:\/\/www.smart-iot.solutions\/wp-content\/uploads\/2023\/11\/logo_novoferm_400x400.jpg 400w\" sizes=\"(max-width: 1000px) 100vw, 200px\" \/><\/a><\/span><\/div><\/div><div class=\"fusion-clearfix\"><\/div><\/div><\/div><div class=\"fusion-layout-column fusion_builder_column fusion-builder-column-4 fusion_builder_column_1_5 1_5 fusion-one-fifth\" style=\"--awb-bg-size:cover;--awb-margin-bottom:2em;width:20%;width:calc(20% - ( ( 4% + 4% + 4% + 4% ) * 0.2 ) );margin-right: 4%;\"><div class=\"fusion-column-wrapper fusion-column-has-shadow fusion-flex-column-wrapper-legacy\"><div class=\"fusion-image-element fusion-image-align-center in-legacy-container\" style=\"text-align:center;--awb-max-width:250px;--awb-caption-title-font-family:var(--h2_typography-font-family);--awb-caption-title-font-weight:var(--h2_typography-font-weight);--awb-caption-title-font-style:var(--h2_typography-font-style);--awb-caption-title-size:var(--h2_typography-font-size);--awb-caption-title-transform:var(--h2_typography-text-transform);--awb-caption-title-line-height:var(--h2_typography-line-height);--awb-caption-title-letter-spacing:var(--h2_typography-letter-spacing);\"><div class=\"imageframe-align-center\"><span class=\" fusion-imageframe imageframe-glow imageframe-4 hover-type-zoomin\" style=\"border:1px solid #e2e2e2;-webkit-box-shadow: 0 0 1px rgba(0,0,0,0.3);box-shadow: 0 0 1px rgba(0,0,0,0.3);\"><a class=\"fusion-no-lightbox\" href=\"https:\/\/www.smart-iot.solutions\/fr\/references-roche\/\" target=\"_self\" aria-label=\"Logo-Roche_400x400\"><img decoding=\"async\" width=\"400\" height=\"400\" src=\"https:\/\/www.smart-iot.solutions\/wp-content\/uploads\/2020\/05\/Logo-Roche_400x400.jpg\" alt class=\"img-responsive wp-image-7453\" srcset=\"https:\/\/www.smart-iot.solutions\/wp-content\/uploads\/2020\/05\/Logo-Roche_400x400-200x200.jpg 200w, https:\/\/www.smart-iot.solutions\/wp-content\/uploads\/2020\/05\/Logo-Roche_400x400.jpg 400w\" sizes=\"(max-width: 1000px) 100vw, 200px\" \/><\/a><\/span><\/div><\/div><div class=\"fusion-clearfix\"><\/div><\/div><\/div><div class=\"fusion-layout-column fusion_builder_column fusion-builder-column-5 fusion_builder_column_1_5 1_5 fusion-one-fifth fusion-column-last\" style=\"--awb-bg-size:cover;--awb-margin-bottom:2em;width:20%;width:calc(20% - ( ( 4% + 4% + 4% + 4% ) * 0.2 ) );\"><div class=\"fusion-column-wrapper fusion-column-has-shadow fusion-flex-column-wrapper-legacy\"><div class=\"fusion-image-element fusion-image-align-center in-legacy-container\" style=\"text-align:center;--awb-max-width:250px;--awb-caption-title-font-family:var(--h2_typography-font-family);--awb-caption-title-font-weight:var(--h2_typography-font-weight);--awb-caption-title-font-style:var(--h2_typography-font-style);--awb-caption-title-size:var(--h2_typography-font-size);--awb-caption-title-transform:var(--h2_typography-text-transform);--awb-caption-title-line-height:var(--h2_typography-line-height);--awb-caption-title-letter-spacing:var(--h2_typography-letter-spacing);\"><div class=\"imageframe-align-center\"><span class=\" fusion-imageframe imageframe-glow imageframe-5 hover-type-zoomin\" style=\"border:1px solid #e2e2e2;-webkit-box-shadow: 0 0 1px rgba(0,0,0,0.3);box-shadow: 0 0 1px rgba(0,0,0,0.3);\"><a class=\"fusion-no-lightbox\" href=\"https:\/\/www.smart-iot.solutions\/fr\/references-boehringer-ingelheim\/\" target=\"_self\" aria-label=\"Logo-Boehringer-Ingelheim_400x400\"><img decoding=\"async\" width=\"400\" height=\"400\" src=\"https:\/\/www.smart-iot.solutions\/wp-content\/uploads\/2020\/05\/Logo-Boehringer-Ingelheim_400x400.jpg\" alt class=\"img-responsive wp-image-7409\" srcset=\"https:\/\/www.smart-iot.solutions\/wp-content\/uploads\/2020\/05\/Logo-Boehringer-Ingelheim_400x400-200x200.jpg 200w, https:\/\/www.smart-iot.solutions\/wp-content\/uploads\/2020\/05\/Logo-Boehringer-Ingelheim_400x400.jpg 400w\" sizes=\"(max-width: 1000px) 100vw, 200px\" \/><\/a><\/span><\/div><\/div><div class=\"fusion-clearfix\"><\/div><\/div><\/div><div class=\"fusion-layout-column fusion_builder_column fusion-builder-column-6 fusion_builder_column_1_4 1_4 fusion-one-fourth fusion-column-first\" style=\"--awb-bg-size:cover;--awb-margin-bottom:2em;width:25%;width:calc(25% - ( ( 4% + 4% + 4% ) * 0.25 ) );margin-right: 4%;\"><div class=\"fusion-column-wrapper fusion-column-has-shadow fusion-flex-column-wrapper-legacy\"><div class=\"fusion-image-element fusion-image-align-center in-legacy-container\" style=\"text-align:center;--awb-max-width:250px;--awb-caption-title-font-family:var(--h2_typography-font-family);--awb-caption-title-font-weight:var(--h2_typography-font-weight);--awb-caption-title-font-style:var(--h2_typography-font-style);--awb-caption-title-size:var(--h2_typography-font-size);--awb-caption-title-transform:var(--h2_typography-text-transform);--awb-caption-title-line-height:var(--h2_typography-line-height);--awb-caption-title-letter-spacing:var(--h2_typography-letter-spacing);\"><div class=\"imageframe-align-center\"><span class=\" fusion-imageframe imageframe-glow imageframe-6 hover-type-zoomin\" style=\"border:1px solid #e2e2e2;-webkit-box-shadow: 0 0 1px rgba(0,0,0,0.3);box-shadow: 0 0 1px rgba(0,0,0,0.3);\"><a class=\"fusion-no-lightbox\" href=\"https:\/\/www.smart-iot.solutions\/fr\/references-bombardier\/\" target=\"_self\" aria-label=\"logo_bombardier_400x400\"><img decoding=\"async\" width=\"400\" height=\"400\" src=\"https:\/\/www.smart-iot.solutions\/wp-content\/uploads\/2023\/12\/logo_bombardier_400x400.jpg\" alt class=\"img-responsive wp-image-7417\" srcset=\"https:\/\/www.smart-iot.solutions\/wp-content\/uploads\/2023\/12\/logo_bombardier_400x400-200x200.jpg 200w, https:\/\/www.smart-iot.solutions\/wp-content\/uploads\/2023\/12\/logo_bombardier_400x400.jpg 400w\" sizes=\"(max-width: 1000px) 100vw, 400px\" \/><\/a><\/span><\/div><\/div><div class=\"fusion-clearfix\"><\/div><\/div><\/div><div class=\"fusion-layout-column fusion_builder_column fusion-builder-column-7 fusion_builder_column_1_4 1_4 fusion-one-fourth\" style=\"--awb-bg-size:cover;--awb-margin-bottom:2em;width:25%;width:calc(25% - ( ( 4% + 4% + 4% ) * 0.25 ) );margin-right: 4%;\"><div class=\"fusion-column-wrapper fusion-column-has-shadow fusion-flex-column-wrapper-legacy\"><div class=\"fusion-image-element fusion-image-align-center in-legacy-container\" style=\"text-align:center;--awb-max-width:250px;--awb-caption-title-font-family:var(--h2_typography-font-family);--awb-caption-title-font-weight:var(--h2_typography-font-weight);--awb-caption-title-font-style:var(--h2_typography-font-style);--awb-caption-title-size:var(--h2_typography-font-size);--awb-caption-title-transform:var(--h2_typography-text-transform);--awb-caption-title-line-height:var(--h2_typography-line-height);--awb-caption-title-letter-spacing:var(--h2_typography-letter-spacing);\"><div class=\"imageframe-align-center\"><span class=\" fusion-imageframe imageframe-glow imageframe-7 hover-type-zoomin\" style=\"border:1px solid #e2e2e2;-webkit-box-shadow: 0 0 1px rgba(0,0,0,0.3);box-shadow: 0 0 1px rgba(0,0,0,0.3);\"><a class=\"fusion-no-lightbox\" href=\"https:\/\/www.smart-iot.solutions\/fr\/references-dom\/\" target=\"_self\" aria-label=\"Logo-Dom_400x400\"><img decoding=\"async\" width=\"400\" height=\"400\" alt=\"DOM Logo\" src=\"https:\/\/www.smart-iot.solutions\/wp-content\/uploads\/2020\/05\/Logo-Dom_400x400.jpg\" class=\"img-responsive wp-image-1243\" srcset=\"https:\/\/www.smart-iot.solutions\/wp-content\/uploads\/2020\/05\/Logo-Dom_400x400-200x200.jpg 200w, https:\/\/www.smart-iot.solutions\/wp-content\/uploads\/2020\/05\/Logo-Dom_400x400.jpg 400w\" sizes=\"(max-width: 1000px) 100vw, 400px\" \/><\/a><\/span><\/div><\/div><div class=\"fusion-clearfix\"><\/div><\/div><\/div><div class=\"fusion-layout-column fusion_builder_column fusion-builder-column-8 fusion_builder_column_1_4 1_4 fusion-one-fourth\" style=\"--awb-bg-size:cover;--awb-margin-bottom:2em;width:25%;width:calc(25% - ( ( 4% + 4% + 4% ) * 0.25 ) );margin-right: 4%;\"><div class=\"fusion-column-wrapper fusion-column-has-shadow fusion-flex-column-wrapper-legacy\"><div class=\"fusion-image-element fusion-image-align-center in-legacy-container\" style=\"text-align:center;--awb-max-width:250px;--awb-caption-title-font-family:var(--h2_typography-font-family);--awb-caption-title-font-weight:var(--h2_typography-font-weight);--awb-caption-title-font-style:var(--h2_typography-font-style);--awb-caption-title-size:var(--h2_typography-font-size);--awb-caption-title-transform:var(--h2_typography-text-transform);--awb-caption-title-line-height:var(--h2_typography-line-height);--awb-caption-title-letter-spacing:var(--h2_typography-letter-spacing);\"><div class=\"imageframe-align-center\"><span class=\" fusion-imageframe imageframe-glow imageframe-8 hover-type-zoomin\" style=\"border:1px solid #e2e2e2;-webkit-box-shadow: 0 0 1px rgba(0,0,0,0.3);box-shadow: 0 0 1px rgba(0,0,0,0.3);\"><a class=\"fusion-no-lightbox\" href=\"https:\/\/www.smart-iot.solutions\/fr\/references-enycharge\/\" target=\"_self\" aria-label=\"logo_enycharge_400x400\"><img decoding=\"async\" width=\"400\" height=\"400\" src=\"https:\/\/www.smart-iot.solutions\/wp-content\/uploads\/2023\/12\/logo_enycharge_400x400.jpg\" alt class=\"img-responsive wp-image-7436\" srcset=\"https:\/\/www.smart-iot.solutions\/wp-content\/uploads\/2023\/12\/logo_enycharge_400x400-200x200.jpg 200w, https:\/\/www.smart-iot.solutions\/wp-content\/uploads\/2023\/12\/logo_enycharge_400x400.jpg 400w\" sizes=\"(max-width: 1000px) 100vw, 400px\" \/><\/a><\/span><\/div><\/div><div class=\"fusion-clearfix\"><\/div><\/div><\/div><div class=\"fusion-layout-column fusion_builder_column fusion-builder-column-9 fusion_builder_column_1_4 1_4 fusion-one-fourth fusion-column-last\" style=\"--awb-bg-size:cover;--awb-margin-bottom:2em;width:25%;width:calc(25% - ( ( 4% + 4% + 4% ) * 0.25 ) );\"><div class=\"fusion-column-wrapper fusion-column-has-shadow fusion-flex-column-wrapper-legacy\"><div class=\"fusion-image-element fusion-image-align-center in-legacy-container\" style=\"text-align:center;--awb-max-width:250px;--awb-caption-title-font-family:var(--h2_typography-font-family);--awb-caption-title-font-weight:var(--h2_typography-font-weight);--awb-caption-title-font-style:var(--h2_typography-font-style);--awb-caption-title-size:var(--h2_typography-font-size);--awb-caption-title-transform:var(--h2_typography-text-transform);--awb-caption-title-line-height:var(--h2_typography-line-height);--awb-caption-title-letter-spacing:var(--h2_typography-letter-spacing);\"><div class=\"imageframe-align-center\"><span class=\" fusion-imageframe imageframe-glow imageframe-9 hover-type-zoomin\" style=\"border:1px solid #e2e2e2;-webkit-box-shadow: 0 0 1px rgba(0,0,0,0.3);box-shadow: 0 0 1px rgba(0,0,0,0.3);\"><a class=\"fusion-no-lightbox\" href=\"https:\/\/www.smart-iot.solutions\/fr\/references-busch-jaeger\/\" target=\"_self\" aria-label=\"Logo-Busch-Jaeger_400x400\"><img decoding=\"async\" width=\"400\" height=\"400\" src=\"https:\/\/www.smart-iot.solutions\/wp-content\/uploads\/2020\/05\/Logo-Busch-Jaeger_400x400.jpg\" alt class=\"img-responsive wp-image-7422\" srcset=\"https:\/\/www.smart-iot.solutions\/wp-content\/uploads\/2020\/05\/Logo-Busch-Jaeger_400x400-200x200.jpg 200w, https:\/\/www.smart-iot.solutions\/wp-content\/uploads\/2020\/05\/Logo-Busch-Jaeger_400x400.jpg 400w\" sizes=\"(max-width: 1000px) 100vw, 400px\" \/><\/a><\/span><\/div><\/div><div class=\"fusion-clearfix\"><\/div><\/div><\/div><\/div><\/div><\/p>\n","protected":false},"excerpt":{"rendered":"","protected":false},"author":201,"featured_media":7498,"parent":0,"menu_order":0,"comment_status":"closed","ping_status":"closed","template":"100-width.php","meta":{"footnotes":""},"categories":[261],"tags":[247,254,244,250,243,245,242,248,232,231,233,252,234,236,251,246,249,253,239,257,238,237,240,255,256,235,241],"class_list":["post-7492","page","type-page","status-publish","has-post-thumbnail","hentry","category-references-fr","tag-algorithme-cap-touch","tag-androide","tag-appli","tag-autorisation","tag-bluetooth-basse-consommation","tag-capacite-detection-tactile","tag-connectivite","tag-consultation","tag-developpement-de-logiciels","tag-developpement-de-materiel","tag-developpement-du-firmware","tag-diagnostic-sur-le-lieu-dintervention","tag-gecko-bleu","tag-gestion-des-identites","tag-implementation-fr","tag-inclus","tag-ingenierie","tag-ios-fr","tag-prototypage","tag-rtls-fr","tag-securite-a-360","tag-securite-fonctionnelle","tag-specifications-fr","tag-technique-de-controle","tag-technologie-dinterface","tag-telecommande","tag-test"],"aioseo_notices":[],"_links":{"self":[{"href":"https:\/\/www.smart-iot.solutions\/fr\/wp-json\/wp\/v2\/pages\/7492","targetHints":{"allow":["GET"]}}],"collection":[{"href":"https:\/\/www.smart-iot.solutions\/fr\/wp-json\/wp\/v2\/pages"}],"about":[{"href":"https:\/\/www.smart-iot.solutions\/fr\/wp-json\/wp\/v2\/types\/page"}],"author":[{"embeddable":true,"href":"https:\/\/www.smart-iot.solutions\/fr\/wp-json\/wp\/v2\/users\/201"}],"replies":[{"embeddable":true,"href":"https:\/\/www.smart-iot.solutions\/fr\/wp-json\/wp\/v2\/comments?post=7492"}],"version-history":[{"count":6,"href":"https:\/\/www.smart-iot.solutions\/fr\/wp-json\/wp\/v2\/pages\/7492\/revisions"}],"predecessor-version":[{"id":7564,"href":"https:\/\/www.smart-iot.solutions\/fr\/wp-json\/wp\/v2\/pages\/7492\/revisions\/7564"}],"wp:featuredmedia":[{"embeddable":true,"href":"https:\/\/www.smart-iot.solutions\/fr\/wp-json\/wp\/v2\/media\/7498"}],"wp:attachment":[{"href":"https:\/\/www.smart-iot.solutions\/fr\/wp-json\/wp\/v2\/media?parent=7492"}],"wp:term":[{"taxonomy":"category","embeddable":true,"href":"https:\/\/www.smart-iot.solutions\/fr\/wp-json\/wp\/v2\/categories?post=7492"},{"taxonomy":"post_tag","embeddable":true,"href":"https:\/\/www.smart-iot.solutions\/fr\/wp-json\/wp\/v2\/tags?post=7492"}],"curies":[{"name":"wp","href":"https:\/\/api.w.org\/{rel}","templated":true}]}}